{"id":1165,"date":"2025-03-09T18:57:07","date_gmt":"2025-03-09T18:57:07","guid":{"rendered":"https:\/\/www.german-vietnamese.com\/dieu-khoan-su-dung\/"},"modified":"2025-04-04T12:20:52","modified_gmt":"2025-04-04T12:20:52","slug":"dieu-khoan-su-dung","status":"publish","type":"page","link":"https:\/\/www.german-vietnamese.com\/vi\/dieu-khoan-su-dung\/","title":{"rendered":"\u0110i\u1ec1u kho\u1ea3n s\u1eed d\u1ee5ng"},"content":{"rendered":"\t\t<div data-elementor-type=\"wp-page\" data-elementor-id=\"1165\" class=\"elementor elementor-1165 elementor-206\" data-elementor-post-type=\"page\">\n\t\t\t\t<div class=\"elementor-element elementor-element-6979487c e-flex e-con-boxed e-con e-parent\" data-id=\"6979487c\" data-element_type=\"container\" data-e-type=\"container\">\n\t\t\t\t\t<div class=\"e-con-inner\">\n\t\t<div class=\"elementor-element elementor-element-49d4001e e-con-full e-flex e-con e-child\" data-id=\"49d4001e\" data-element_type=\"container\" data-e-type=\"container\">\n\t\t\t\t<div class=\"elementor-element elementor-element-7e34482c elementor-widget elementor-widget-heading\" data-id=\"7e34482c\" data-element_type=\"widget\" data-e-type=\"widget\" data-widget_type=\"heading.default\">\n\t\t\t\t<div class=\"elementor-widget-container\">\n\t\t\t\t\t<h2 class=\"elementor-heading-title elementor-size-default\">\u0111i\u1ec1u kho\u1ea3n s\u1eed d\u1ee5ng<\/h2>\t\t\t\t<\/div>\n\t\t\t\t<\/div>\n\t\t\t\t<div class=\"elementor-element elementor-element-13c99be elementor-widget elementor-widget-spacer\" data-id=\"13c99be\" data-element_type=\"widget\" data-e-type=\"widget\" data-widget_type=\"spacer.default\">\n\t\t\t\t<div class=\"elementor-widget-container\">\n\t\t\t\t\t\t\t<div class=\"elementor-spacer\">\n\t\t\t<div class=\"elementor-spacer-inner\"><\/div>\n\t\t<\/div>\n\t\t\t\t\t\t<\/div>\n\t\t\t\t<\/div>\n\t\t\t\t<div class=\"elementor-element elementor-element-4b334abe elementor-widget elementor-widget-text-editor\" data-id=\"4b334abe\" data-element_type=\"widget\" data-e-type=\"widget\" data-widget_type=\"text-editor.default\">\n\t\t\t\t<div class=\"elementor-widget-container\">\n\t\t\t\t\t\t\t\t\t<p><strong>1. Gi\u1edbi thi\u1ec7u<\/strong> Ch\u00e0o m\u1eebng b\u1ea1n \u0111\u1ebfn v\u1edbi German-Vietnamese. B\u1eb1ng c\u00e1ch truy c\u1eadp v\u00e0 s\u1eed d\u1ee5ng trang web c\u1ee7a ch\u00fang t\u00f4i, b\u1ea1n \u0111\u1ed3ng \u00fd tu\u00e2n th\u1ee7 c\u00e1c \u0111i\u1ec1u kho\u1ea3n v\u00e0 \u0111i\u1ec1u ki\u1ec7n sau. N\u1ebfu b\u1ea1n kh\u00f4ng \u0111\u1ed3ng \u00fd v\u1edbi b\u1ea5t k\u1ef3 ph\u1ea7n n\u00e0o trong c\u00e1c \u0111i\u1ec1u kho\u1ea3n n\u00e0y, vui l\u00f2ng kh\u00f4ng s\u1eed d\u1ee5ng d\u1ecbch v\u1ee5 c\u1ee7a ch\u00fang t\u00f4i.  <\/p><p><strong>2. D\u1ecbch v\u1ee5 cung c\u1ea5p<\/strong> German-Vietnamese cung c\u1ea5p c\u00e1c kh\u00f3a h\u1ecdc t\u1ef1 h\u1ecdc, b\u00e0i t\u1eadp v\u00e0 t\u00e0i li\u1ec7u h\u01b0\u1edbng d\u1eabn \u0111\u1ec3 h\u1ecdc ti\u1ebfng \u0110\u1ee9c v\u00e0 ti\u1ebfng Vi\u1ec7t. C\u00e1c d\u1ecbch v\u1ee5 c\u1ee7a ch\u00fang t\u00f4i bao g\u1ed3m c\u00e1c s\u1ea3n ph\u1ea9m mi\u1ec5n ph\u00ed v\u00e0 c\u00f3 thu ph\u00ed nh\u01b0 \u0111\u01b0\u1ee3c n\u00eau chi ti\u1ebft tr\u00ean c\u00e1c trang web ph\u1ee5 c\u1ee7a ch\u00fang t\u00f4i. <\/p><p><strong>3. S\u1edf h\u1eefu tr\u00ed tu\u1ec7<\/strong> To\u00e0n b\u1ed9 t\u00e0i li\u1ec7u kh\u00f3a h\u1ecdc, n\u1ed9i dung trang web v\u00e0 th\u01b0\u01a1ng hi\u1ec7u \u0111\u1ec1u l\u00e0 t\u00e0i s\u1ea3n tr\u00ed tu\u1ec7 c\u1ee7a German-Vietnamese Specialized Ltd. Nghi\u00eam c\u1ea5m s\u1eed d\u1ee5ng, sao ch\u00e9p ho\u1eb7c ph\u00e2n ph\u1ed1i tr\u00e1i ph\u00e9p. <\/p><p><strong>4. Ch\u00ednh s\u00e1ch b\u1ea3o m\u1eadt<\/strong><\/p><p>Vui l\u00f2ng xem ch\u00ednh s\u00e1ch b\u1ea3o m\u1eadt c\u1ee7a ch\u00fang t\u00f4i <a href=\"https:\/\/www.german-vietnamese.com\/vi\/chinh-sach-bao-mat\/\">t\u1ea1i \u0111\u00e2y.<\/a><\/p><p><strong>5. Gi\u1edbi h\u1ea1n tr\u00e1ch nhi\u1ec7m<\/strong> C\u00f4ng ty TNHH Chuy\u00ean ng\u00e0nh \u0110\u1ee9c-Vi\u1ec7t kh\u00f4ng ch\u1ecbu tr\u00e1ch nhi\u1ec7m cho b\u1ea5t k\u1ef3 thi\u1ec7t h\u1ea1i gi\u00e1n ti\u1ebfp, ng\u1eabu nhi\u00ean ho\u1eb7c thi\u1ec7t h\u1ea1i do h\u1eadu qu\u1ea3 ph\u00e1t sinh t\u1eeb vi\u1ec7c s\u1eed d\u1ee5ng d\u1ecbch v\u1ee5 c\u1ee7a ch\u00fang t\u00f4i.<\/p><p><strong>6. S\u1eeda \u0111\u1ed5i \u0110i\u1ec1u kho\u1ea3n<\/strong> Ch\u00fang t\u00f4i c\u00f3 quy\u1ec1n s\u1eeda \u0111\u1ed5i c\u00e1c \u0111i\u1ec1u kho\u1ea3n v\u00e0 \u0111i\u1ec1u ki\u1ec7n n\u00e0y b\u1ea5t k\u1ef3 l\u00fac n\u00e0o. Ng\u01b0\u1eddi d\u00f9ng s\u1ebd \u0111\u01b0\u1ee3c th\u00f4ng b\u00e1o v\u1ec1 nh\u1eefng thay \u0111\u1ed5i quan tr\u1ecdng. <\/p><p><strong>7. Th\u00f4ng tin li\u00ean h\u1ec7<\/strong> \u0110\u1ec3 bi\u1ebft th\u00eam th\u00f4ng tin v\u1ec1 c\u00e1c \u0111i\u1ec1u kho\u1ea3n n\u00e0y, vui l\u00f2ng li\u00ean h\u1ec7 v\u1edbi ch\u00fang t\u00f4i qua email t\u1ea1i <a>info@german-vietnamese.com<\/a> ho\u1eb7c th\u00f4ng qua bi\u1ec3u m\u1eabu li\u00ean h\u1ec7 tr\u00ean trang web.<\/p><p>B\u1eb1ng c\u00e1ch s\u1eed d\u1ee5ng d\u1ecbch v\u1ee5 c\u1ee7a ch\u00fang t\u00f4i, b\u1ea1n th\u1eeba nh\u1eadn v\u00e0 \u0111\u1ed3ng \u00fd v\u1edbi c\u00e1c \u0110i\u1ec1u kho\u1ea3n v\u00e0 \u0110i\u1ec1u ki\u1ec7n n\u00e0y.<\/p>\t\t\t\t\t\t\t\t<\/div>\n\t\t\t\t<\/div>\n\t\t\t\t<\/div>\n\t\t\t\t\t<\/div>\n\t\t\t\t<\/div>\n\t\t\t\t<\/div>\n\t\t","protected":false},"excerpt":{"rendered":"<p>\u0111i\u1ec1u kho\u1ea3n s\u1eed d\u1ee5ng 1. Gi\u1edbi thi\u1ec7u Ch\u00e0o m\u1eebng b\u1ea1n \u0111\u1ebfn v\u1edbi German-Vietnamese. B\u1eb1ng c\u00e1ch truy c\u1eadp v\u00e0 s\u1eed d\u1ee5ng trang web c\u1ee7a ch\u00fang t\u00f4i, b\u1ea1n \u0111\u1ed3ng \u00fd tu\u00e2n th\u1ee7 c\u00e1c \u0111i\u1ec1u kho\u1ea3n v\u00e0 \u0111i\u1ec1u ki\u1ec7n sau. N\u1ebfu b\u1ea1n kh\u00f4ng \u0111\u1ed3ng \u00fd v\u1edbi b\u1ea5t k\u1ef3 ph\u1ea7n n\u00e0o trong c\u00e1c \u0111i\u1ec1u kho\u1ea3n n\u00e0y, vui l\u00f2ng kh\u00f4ng [&hellip;]<\/p>\n","protected":false},"author":1,"featured_media":0,"parent":0,"menu_order":0,"comment_status":"closed","ping_status":"closed","template":"elementor_header_footer","meta":{"footnotes":""},"class_list":["post-1165","page","type-page","status-publish","hentry"],"yoast_head":"<!-- This site is optimized with the Yoast SEO plugin v27.2 - https:\/\/yoast.com\/product\/yoast-seo-wordpress\/ -->\n<title>\u0110i\u1ec1u kho\u1ea3n s\u1eed d\u1ee5ng - Learn German and Vietnamese<\/title>\n<meta name=\"robots\" content=\"index, follow, max-snippet:-1, max-image-preview:large, max-video-preview:-1\" \/>\n<link rel=\"canonical\" href=\"https:\/\/www.german-vietnamese.com\/vi\/dieu-khoan-su-dung\/\" \/>\n<meta property=\"og:locale\" content=\"vi_VN\" \/>\n<meta property=\"og:type\" content=\"article\" \/>\n<meta property=\"og:title\" content=\"\u0110i\u1ec1u kho\u1ea3n s\u1eed d\u1ee5ng - Learn German and Vietnamese\" \/>\n<meta property=\"og:description\" content=\"\u0111i\u1ec1u kho\u1ea3n s\u1eed d\u1ee5ng 1. Gi\u1edbi thi\u1ec7u Ch\u00e0o m\u1eebng b\u1ea1n \u0111\u1ebfn v\u1edbi German-Vietnamese. B\u1eb1ng c\u00e1ch truy c\u1eadp v\u00e0 s\u1eed d\u1ee5ng trang web c\u1ee7a ch\u00fang t\u00f4i, b\u1ea1n \u0111\u1ed3ng \u00fd tu\u00e2n th\u1ee7 c\u00e1c \u0111i\u1ec1u kho\u1ea3n v\u00e0 \u0111i\u1ec1u ki\u1ec7n sau. N\u1ebfu b\u1ea1n kh\u00f4ng \u0111\u1ed3ng \u00fd v\u1edbi b\u1ea5t k\u1ef3 ph\u1ea7n n\u00e0o trong c\u00e1c \u0111i\u1ec1u kho\u1ea3n n\u00e0y, vui l\u00f2ng kh\u00f4ng [&hellip;]\" \/>\n<meta property=\"og:url\" content=\"https:\/\/www.german-vietnamese.com\/vi\/dieu-khoan-su-dung\/\" \/>\n<meta property=\"og:site_name\" content=\"Learn German and Vietnamese\" \/>\n<meta property=\"article:modified_time\" content=\"2025-04-04T12:20:52+00:00\" \/>\n<meta name=\"twitter:card\" content=\"summary_large_image\" \/>\n<meta name=\"twitter:label1\" content=\"Est. reading time\" \/>\n\t<meta name=\"twitter:data1\" content=\"2 minutes\" \/>\n<script type=\"application\/ld+json\" class=\"yoast-schema-graph\">{\"@context\":\"https:\/\/schema.org\",\"@graph\":[{\"@type\":\"WebPage\",\"@id\":\"https:\/\/www.german-vietnamese.com\/vi\/dieu-khoan-su-dung\/\",\"url\":\"https:\/\/www.german-vietnamese.com\/vi\/dieu-khoan-su-dung\/\",\"name\":\"\u0110i\u1ec1u kho\u1ea3n s\u1eed d\u1ee5ng - Learn German and Vietnamese\",\"isPartOf\":{\"@id\":\"https:\/\/www.german-vietnamese.com\/vi\/#website\"},\"datePublished\":\"2025-03-09T18:57:07+00:00\",\"dateModified\":\"2025-04-04T12:20:52+00:00\",\"breadcrumb\":{\"@id\":\"https:\/\/www.german-vietnamese.com\/vi\/dieu-khoan-su-dung\/#breadcrumb\"},\"inLanguage\":\"vi-VN\",\"potentialAction\":[{\"@type\":\"ReadAction\",\"target\":[\"https:\/\/www.german-vietnamese.com\/vi\/dieu-khoan-su-dung\/\"]}]},{\"@type\":\"BreadcrumbList\",\"@id\":\"https:\/\/www.german-vietnamese.com\/vi\/dieu-khoan-su-dung\/#breadcrumb\",\"itemListElement\":[{\"@type\":\"ListItem\",\"position\":1,\"name\":\"Home\",\"item\":\"https:\/\/www.german-vietnamese.com\/vi\/\"},{\"@type\":\"ListItem\",\"position\":2,\"name\":\"\u0110i\u1ec1u kho\u1ea3n s\u1eed d\u1ee5ng\"}]},{\"@type\":\"WebSite\",\"@id\":\"https:\/\/www.german-vietnamese.com\/vi\/#website\",\"url\":\"https:\/\/www.german-vietnamese.com\/vi\/\",\"name\":\"Learn German and Vietnamese\",\"description\":\"\",\"publisher\":{\"@id\":\"https:\/\/www.german-vietnamese.com\/vi\/#organization\"},\"potentialAction\":[{\"@type\":\"SearchAction\",\"target\":{\"@type\":\"EntryPoint\",\"urlTemplate\":\"https:\/\/www.german-vietnamese.com\/vi\/?s={search_term_string}\"},\"query-input\":{\"@type\":\"PropertyValueSpecification\",\"valueRequired\":true,\"valueName\":\"search_term_string\"}}],\"inLanguage\":\"vi-VN\"},{\"@type\":\"Organization\",\"@id\":\"https:\/\/www.german-vietnamese.com\/vi\/#organization\",\"name\":\"Learn German and Vietnamese\",\"url\":\"https:\/\/www.german-vietnamese.com\/vi\/\",\"logo\":{\"@type\":\"ImageObject\",\"inLanguage\":\"vi-VN\",\"@id\":\"https:\/\/www.german-vietnamese.com\/vi\/#\/schema\/logo\/image\/\",\"url\":\"https:\/\/www.german-vietnamese.com\/wp-content\/uploads\/2025\/03\/Logo-End1.svg\",\"contentUrl\":\"https:\/\/www.german-vietnamese.com\/wp-content\/uploads\/2025\/03\/Logo-End1.svg\",\"width\":167,\"height\":145,\"caption\":\"Learn German and Vietnamese\"},\"image\":{\"@id\":\"https:\/\/www.german-vietnamese.com\/vi\/#\/schema\/logo\/image\/\"}}]}<\/script>\n<!-- \/ Yoast SEO plugin. -->","yoast_head_json":{"title":"\u0110i\u1ec1u kho\u1ea3n s\u1eed d\u1ee5ng - Learn German and Vietnamese","robots":{"index":"index","follow":"follow","max-snippet":"max-snippet:-1","max-image-preview":"max-image-preview:large","max-video-preview":"max-video-preview:-1"},"canonical":"https:\/\/www.german-vietnamese.com\/vi\/dieu-khoan-su-dung\/","og_locale":"vi_VN","og_type":"article","og_title":"\u0110i\u1ec1u kho\u1ea3n s\u1eed d\u1ee5ng - Learn German and Vietnamese","og_description":"\u0111i\u1ec1u kho\u1ea3n s\u1eed d\u1ee5ng 1. Gi\u1edbi thi\u1ec7u Ch\u00e0o m\u1eebng b\u1ea1n \u0111\u1ebfn v\u1edbi German-Vietnamese. B\u1eb1ng c\u00e1ch truy c\u1eadp v\u00e0 s\u1eed d\u1ee5ng trang web c\u1ee7a ch\u00fang t\u00f4i, b\u1ea1n \u0111\u1ed3ng \u00fd tu\u00e2n th\u1ee7 c\u00e1c \u0111i\u1ec1u kho\u1ea3n v\u00e0 \u0111i\u1ec1u ki\u1ec7n sau. N\u1ebfu b\u1ea1n kh\u00f4ng \u0111\u1ed3ng \u00fd v\u1edbi b\u1ea5t k\u1ef3 ph\u1ea7n n\u00e0o trong c\u00e1c \u0111i\u1ec1u kho\u1ea3n n\u00e0y, vui l\u00f2ng kh\u00f4ng [&hellip;]","og_url":"https:\/\/www.german-vietnamese.com\/vi\/dieu-khoan-su-dung\/","og_site_name":"Learn German and Vietnamese","article_modified_time":"2025-04-04T12:20:52+00:00","twitter_card":"summary_large_image","twitter_misc":{"Est. reading time":"2 minutes"},"schema":{"@context":"https:\/\/schema.org","@graph":[{"@type":"WebPage","@id":"https:\/\/www.german-vietnamese.com\/vi\/dieu-khoan-su-dung\/","url":"https:\/\/www.german-vietnamese.com\/vi\/dieu-khoan-su-dung\/","name":"\u0110i\u1ec1u kho\u1ea3n s\u1eed d\u1ee5ng - Learn German and Vietnamese","isPartOf":{"@id":"https:\/\/www.german-vietnamese.com\/vi\/#website"},"datePublished":"2025-03-09T18:57:07+00:00","dateModified":"2025-04-04T12:20:52+00:00","breadcrumb":{"@id":"https:\/\/www.german-vietnamese.com\/vi\/dieu-khoan-su-dung\/#breadcrumb"},"inLanguage":"vi-VN","potentialAction":[{"@type":"ReadAction","target":["https:\/\/www.german-vietnamese.com\/vi\/dieu-khoan-su-dung\/"]}]},{"@type":"BreadcrumbList","@id":"https:\/\/www.german-vietnamese.com\/vi\/dieu-khoan-su-dung\/#breadcrumb","itemListElement":[{"@type":"ListItem","position":1,"name":"Home","item":"https:\/\/www.german-vietnamese.com\/vi\/"},{"@type":"ListItem","position":2,"name":"\u0110i\u1ec1u kho\u1ea3n s\u1eed d\u1ee5ng"}]},{"@type":"WebSite","@id":"https:\/\/www.german-vietnamese.com\/vi\/#website","url":"https:\/\/www.german-vietnamese.com\/vi\/","name":"Learn German and Vietnamese","description":"","publisher":{"@id":"https:\/\/www.german-vietnamese.com\/vi\/#organization"},"potentialAction":[{"@type":"SearchAction","target":{"@type":"EntryPoint","urlTemplate":"https:\/\/www.german-vietnamese.com\/vi\/?s={search_term_string}"},"query-input":{"@type":"PropertyValueSpecification","valueRequired":true,"valueName":"search_term_string"}}],"inLanguage":"vi-VN"},{"@type":"Organization","@id":"https:\/\/www.german-vietnamese.com\/vi\/#organization","name":"Learn German and Vietnamese","url":"https:\/\/www.german-vietnamese.com\/vi\/","logo":{"@type":"ImageObject","inLanguage":"vi-VN","@id":"https:\/\/www.german-vietnamese.com\/vi\/#\/schema\/logo\/image\/","url":"https:\/\/www.german-vietnamese.com\/wp-content\/uploads\/2025\/03\/Logo-End1.svg","contentUrl":"https:\/\/www.german-vietnamese.com\/wp-content\/uploads\/2025\/03\/Logo-End1.svg","width":167,"height":145,"caption":"Learn German and Vietnamese"},"image":{"@id":"https:\/\/www.german-vietnamese.com\/vi\/#\/schema\/logo\/image\/"}}]}},"_links":{"self":[{"href":"https:\/\/www.german-vietnamese.com\/vi\/wp-json\/wp\/v2\/pages\/1165","targetHints":{"allow":["GET"]}}],"collection":[{"href":"https:\/\/www.german-vietnamese.com\/vi\/wp-json\/wp\/v2\/pages"}],"about":[{"href":"https:\/\/www.german-vietnamese.com\/vi\/wp-json\/wp\/v2\/types\/page"}],"author":[{"embeddable":true,"href":"https:\/\/www.german-vietnamese.com\/vi\/wp-json\/wp\/v2\/users\/1"}],"replies":[{"embeddable":true,"href":"https:\/\/www.german-vietnamese.com\/vi\/wp-json\/wp\/v2\/comments?post=1165"}],"version-history":[{"count":2,"href":"https:\/\/www.german-vietnamese.com\/vi\/wp-json\/wp\/v2\/pages\/1165\/revisions"}],"predecessor-version":[{"id":1171,"href":"https:\/\/www.german-vietnamese.com\/vi\/wp-json\/wp\/v2\/pages\/1165\/revisions\/1171"}],"wp:attachment":[{"href":"https:\/\/www.german-vietnamese.com\/vi\/wp-json\/wp\/v2\/media?parent=1165"}],"curies":[{"name":"wp","href":"https:\/\/api.w.org\/{rel}","templated":true}]}}