{"id":1101,"date":"2025-03-27T11:08:58","date_gmt":"2025-03-27T11:08:58","guid":{"rendered":"https:\/\/www.german-vietnamese.com\/privacy-policy\/"},"modified":"2025-04-02T18:52:59","modified_gmt":"2025-04-02T18:52:59","slug":"datenschutzerklaerung","status":"publish","type":"page","link":"https:\/\/www.german-vietnamese.com\/de\/datenschutzerklaerung\/","title":{"rendered":"Datenschutzerkl\u00e4rung"},"content":{"rendered":"\t\t<div data-elementor-type=\"wp-page\" data-elementor-id=\"1101\" class=\"elementor elementor-1101 elementor-763\" data-elementor-post-type=\"page\">\n\t\t\t\t<div class=\"elementor-element elementor-element-6979487c e-flex e-con-boxed e-con e-parent\" data-id=\"6979487c\" data-element_type=\"container\" data-e-type=\"container\">\n\t\t\t\t\t<div class=\"e-con-inner\">\n\t\t<div class=\"elementor-element elementor-element-49d4001e e-con-full e-flex e-con e-child\" data-id=\"49d4001e\" data-element_type=\"container\" data-e-type=\"container\">\n\t\t\t\t<div class=\"elementor-element elementor-element-f9b93b8 elementor-widget elementor-widget-heading\" data-id=\"f9b93b8\" data-element_type=\"widget\" data-e-type=\"widget\" data-widget_type=\"heading.default\">\n\t\t\t\t<div class=\"elementor-widget-container\">\n\t\t\t\t\t<h1 class=\"elementor-heading-title elementor-size-default\">Datenschutzerkl\u00e4rung<\/h1>\t\t\t\t<\/div>\n\t\t\t\t<\/div>\n\t\t\t\t<div class=\"elementor-element elementor-element-13c99be elementor-widget elementor-widget-spacer\" data-id=\"13c99be\" data-element_type=\"widget\" data-e-type=\"widget\" data-widget_type=\"spacer.default\">\n\t\t\t\t<div class=\"elementor-widget-container\">\n\t\t\t\t\t\t\t<div class=\"elementor-spacer\">\n\t\t\t<div class=\"elementor-spacer-inner\"><\/div>\n\t\t<\/div>\n\t\t\t\t\t\t<\/div>\n\t\t\t\t<\/div>\n\t\t\t\t<div class=\"elementor-element elementor-element-4128aea elementor-widget elementor-widget-text-editor\" data-id=\"4128aea\" data-element_type=\"widget\" data-e-type=\"widget\" data-widget_type=\"text-editor.default\">\n\t\t\t\t<div class=\"elementor-widget-container\">\n\t\t\t\t\t\t\t\t\t<p>Datenschutzerkl\u00e4rung f\u00fcr die Webseite\u00a0<strong>www.German-Workout.com<\/strong><\/p><p>Wir freuen uns \u00fcber Ihr Interesse an unserer Webseite German-Workout.com (im Folgenden als \u201eWebseite\u201c bezeichnet). Der Schutz Ihrer pers\u00f6nlichen Daten ist uns ein wichtiges Anliegen. Nachfolgend informieren wir Sie \u00fcber die Verarbeitung Ihrer personenbezogenen Daten und Ihre Rechte gem\u00e4\u00df der Datenschutz-Grundverordnung (DSGVO).<\/p><ol><li>Verantwortlicher Verantwortlicher f\u00fcr die Verarbeitung Ihrer personenbezogenen Daten im Sinne der DSGVO ist:\u00a0<strong>3T-SPRACHWORKOUT<\/strong>\u00a0<strong>GmbH<\/strong>, Urbanstra\u00dfe 71, 3. Hof, 4.TRH, 1.OG, 10967 Berlin, Deutschland, E-Mail:\u00a0<a target=\"_new\" rel=\"noreferrer\">info@german-workout.com<\/a><\/li><\/ol><ol start=\"2\"><li>Erhebung und Verarbeitung von personenbezogenen Daten a) Beim Besuch der Webseite: Bei jedem Zugriff auf unsere Webseite werden automatisch Informationen durch den Internet-Browser Ihres Endger\u00e4tes an den Server unserer Webseite gesendet und tempor\u00e4r in Logfiles gespeichert. Dabei handelt es sich um folgende Daten:<\/li><\/ol><ul><li>IP-Adresse des anfragenden Rechners<\/li><li>Datum und Uhrzeit des Zugriffs<\/li><li>Name und URL der abgerufenen Datei<\/li><li>Webseite, von der aus der Zugriff erfolgt (Referrer-URL)<\/li><li>verwendeter Browser und ggf. das Betriebssystem Ihres Rechners sowie der Name Ihres Access-Providers<\/li><\/ul><p>Die Verarbeitung dieser Daten erfolgt zur Gew\u00e4hrleistung eines reibungslosen Verbindungsaufbaus und einer komfortablen Nutzung unserer Webseite sowie zur Auswertung der Systemsicherheit und -stabilit\u00e4t. Rechtsgrundlage f\u00fcr die Datenverarbeitung ist Art. 6 Abs. 1 S. 1 lit. f DSGVO.<\/p><p>b) Bei Kontaktaufnahme: Wenn Sie per E-Mail oder \u00fcber unser Kontaktformular Kontakt mit uns aufnehmen, werden die von Ihnen freiwillig mitgeteilten Daten (z.B. Name, E-Mail-Adresse, Telefonnummer) von uns gespeichert, um Ihre Anfrage zu bearbeiten. Die Datenverarbeitung erfolgt auf Grundlage von Art. 6 Abs. 1 S. 1 lit. b DSGVO, sofern Ihre Anfrage mit der Erf\u00fcllung eines Vertrags zusammenh\u00e4ngt oder zur Durchf\u00fchrung vorvertraglicher Ma\u00dfnahmen erforderlich ist. In allen \u00fcbrigen F\u00e4llen beruht die Verarbeitung auf unserem berechtigten Interesse an der effektiven Bearbeitung der an uns gerichteten Anfragen (Art. 6 Abs. 1 S. 1 lit. f DSGVO).<\/p><p>Zur Verwaltung der eingesetzten Cookies und \u00e4hnlichen Technologien (Tracking-Pixel, Web-Beacons etc.) und diesbez\u00fcglicher Einwilligungen setzen wir das Consent Tool &#8222;Real Cookie Banner&#8220; ein. Details zur Funktionsweise von &#8222;Real Cookie Banner&#8220; findest du unter <a href=\"https:\/\/devowl.io\/de\/rcb\/datenverarbeitung\/\" target=\"_blank\" rel=\"noopener\">https:\/\/devowl.io\/de\/rcb\/datenverarbeitung\/<\/a><\/p><p>Rechtsgrundlagen f\u00fcr die Verarbeitung von personenbezogenen Daten in diesem Zusammenhang sind Art. 6 Abs. 1 lit. c DS-GVO und Art. 6 Abs. 1 lit. f DS-GVO. Unser berechtigtes Interesse ist die Verwaltung der eingesetzten Cookies und \u00e4hnlichen Technologien und der diesbez\u00fcglichen Einwilligungen.<\/p><p>Die Bereitstellung der personenbezogenen Daten ist weder vertraglich vorgeschrieben noch f\u00fcr den Abschluss eines Vertrages notwendig. Du bist nicht verpflichtet die personenbezogenen Daten bereitzustellen. Wenn du die personenbezogenen Daten nicht bereitstellst, k\u00f6nnen wir deine Einwilligungen nicht verwalten.<\/p><p><strong>3. Weitergabe von Daten <\/strong><\/p><p>Eine \u00dcbermittlung Ihrer pers\u00f6nlichen Daten an Dritte zu anderen als den im Folgenden aufgef\u00fchrten Zwecken findet nicht statt. Wir geben Ihre pers\u00f6nlichen Daten nur an Dritte weiter, wenn:<\/p><ul><li>Sie Ihre ausdr\u00fcckliche Einwilligung dazu erteilt haben,<\/li><li>die Weitergabe zur Abwicklung eines Vertrags mit Ihnen erforderlich ist,<\/li><li>dies zur Erf\u00fcllung einer rechtlichen Verpflichtung erforderlich ist, oder<\/li><li>dies zur Wahrung unserer berechtigten Interessen, insbesondere zur Geltendmachung, Aus\u00fcbung oder Verteidigung von Rechtsanspr\u00fcchen, erforderlich ist und kein Grund zur Annahme besteht, dass Sie ein \u00fcberwiegendes schutzw\u00fcrdiges Interesse an der Nichtweitergabe Ihrer Daten haben.<\/li><\/ul><p>\u00a0<\/p><p><strong>5. Ihre Rechte <\/strong><\/p><p>Sie haben das Recht:<\/p><ul><li>gem\u00e4\u00df Art. 15 DSGVO Auskunft \u00fcber Ihre von uns verarbeiteten personenbezogenen Daten zu verlangen,<\/li><li>gem\u00e4\u00df Art. 16 DSGVO unverz\u00fcglich die Berichtigung unrichtiger oder Vervollst\u00e4ndigung Ihrer bei uns gespeicherten personenbezogenen Daten zu verlangen,<\/li><li>gem\u00e4\u00df Art. 17 DSGVO die L\u00f6schung Ihrer bei uns gespeicherten personenbezogenen Daten zu verlangen,<\/li><li>gem\u00e4\u00df Art. 18 DSGVO die Einschr\u00e4nkung der Verarbeitung Ihrer personenbezogenen Daten zu verlangen,<\/li><li>gem\u00e4\u00df Art. 20 DSGVO Ihre personenbezogenen Daten, die Sie uns bereitgestellt haben, in einem strukturierten, g\u00e4ngigen und maschinenlesbaren Format zu erhalten oder die \u00dcbermittlung an einen anderen Verantwortlichen zu verlangen,<\/li><li>gem\u00e4\u00df Art. 21 DSGVO aus Gr\u00fcnden, die sich aus Ihrer besonderen Situation ergeben, jederzeit gegen die Verarbeitung Ihrer personenbezogenen Daten, die aufgrund von Art. 6 Abs. 1 S. 1 lit. e oder f DSGVO erfolgt, Widerspruch einzulegen; dies gilt auch f\u00fcr ein auf diese Bestimmungen gest\u00fctztes Profiling.<\/li><\/ul><p>\u00a0<\/p><p><strong>5. Datensicherheit\u00a0<\/strong><\/p><p>Wir setzen technische und organisatorische Sicherheitsma\u00dfnahmen ein, um Ihre durch uns verwalteten personenbezogenen Daten gegen Manipulationen, Verlust, Zerst\u00f6rung oder gegen den Zugriff unberechtigter Personen zu sch\u00fctzen. Unsere Sicherheitsma\u00dfnahmen werden entsprechend der technologischen Entwicklung fortlaufend verbessert.<\/p><p><strong>6. Aktualit\u00e4t und \u00c4nderung dieser Datenschutzerkl\u00e4rung <\/strong><\/p><p>Diese Datenschutzerkl\u00e4rung ist aktuell g\u00fcltig und hat den Stand Januar 2024. Durch die Weiterentwicklung unserer Webseite und Angebote dar\u00fcber oder aufgrund ge\u00e4nderter gesetzlicher bzw. beh\u00f6rdlicher Vorgaben kann es notwendig werden, diese Datenschutzerkl\u00e4rung zu \u00e4ndern. Die jeweils aktuelle Datenschutzerkl\u00e4rung kann jederzeit auf unserer Webseite unter \u201eDatenschutz\u201c von Ihnen abgerufen und ausgedruckt werden.<\/p>\t\t\t\t\t\t\t\t<\/div>\n\t\t\t\t<\/div>\n\t\t\t\t<\/div>\n\t\t\t\t\t<\/div>\n\t\t\t\t<\/div>\n\t\t\t\t<\/div>\n\t\t","protected":false},"excerpt":{"rendered":"<p>Datenschutzerkl\u00e4rung Datenschutzerkl\u00e4rung f\u00fcr die Webseite\u00a0www.German-Workout.com Wir freuen uns \u00fcber Ihr Interesse an unserer Webseite German-Workout.com (im Folgenden als \u201eWebseite\u201c bezeichnet). Der Schutz Ihrer pers\u00f6nlichen Daten ist uns ein wichtiges Anliegen. Nachfolgend informieren wir Sie \u00fcber die Verarbeitung Ihrer personenbezogenen Daten und Ihre Rechte gem\u00e4\u00df der Datenschutz-Grundverordnung (DSGVO). Verantwortlicher Verantwortlicher f\u00fcr die Verarbeitung Ihrer personenbezogenen Daten [&hellip;]<\/p>\n","protected":false},"author":1,"featured_media":0,"parent":0,"menu_order":0,"comment_status":"closed","ping_status":"closed","template":"elementor_header_footer","meta":{"footnotes":""},"class_list":["post-1101","page","type-page","status-publish","hentry"],"yoast_head":"<!-- This site is optimized with the Yoast SEO plugin v27.2 - https:\/\/yoast.com\/product\/yoast-seo-wordpress\/ -->\n<title>Datenschutzerkl\u00e4rung - Learn German and Vietnamese<\/title>\n<meta name=\"robots\" content=\"index, follow, max-snippet:-1, max-image-preview:large, max-video-preview:-1\" \/>\n<link rel=\"canonical\" href=\"https:\/\/www.german-vietnamese.com\/de\/datenschutzerklaerung\/\" \/>\n<meta property=\"og:locale\" content=\"de_DE\" \/>\n<meta property=\"og:type\" content=\"article\" \/>\n<meta property=\"og:title\" content=\"Datenschutzerkl\u00e4rung - Learn German and Vietnamese\" \/>\n<meta property=\"og:description\" content=\"Datenschutzerkl\u00e4rung Datenschutzerkl\u00e4rung f\u00fcr die Webseite\u00a0www.German-Workout.com Wir freuen uns \u00fcber Ihr Interesse an unserer Webseite German-Workout.com (im Folgenden als \u201eWebseite\u201c bezeichnet). Der Schutz Ihrer pers\u00f6nlichen Daten ist uns ein wichtiges Anliegen. Nachfolgend informieren wir Sie \u00fcber die Verarbeitung Ihrer personenbezogenen Daten und Ihre Rechte gem\u00e4\u00df der Datenschutz-Grundverordnung (DSGVO). Verantwortlicher Verantwortlicher f\u00fcr die Verarbeitung Ihrer personenbezogenen Daten [&hellip;]\" \/>\n<meta property=\"og:url\" content=\"https:\/\/www.german-vietnamese.com\/de\/datenschutzerklaerung\/\" \/>\n<meta property=\"og:site_name\" content=\"Learn German and Vietnamese\" \/>\n<meta property=\"article:modified_time\" content=\"2025-04-02T18:52:59+00:00\" \/>\n<meta name=\"twitter:card\" content=\"summary_large_image\" \/>\n<meta name=\"twitter:label1\" content=\"Gesch\u00e4tzte Lesezeit\" \/>\n\t<meta name=\"twitter:data1\" content=\"4\u00a0Minuten\" \/>\n<script type=\"application\/ld+json\" class=\"yoast-schema-graph\">{\"@context\":\"https:\/\/schema.org\",\"@graph\":[{\"@type\":\"WebPage\",\"@id\":\"https:\/\/www.german-vietnamese.com\/de\/datenschutzerklaerung\/\",\"url\":\"https:\/\/www.german-vietnamese.com\/de\/datenschutzerklaerung\/\",\"name\":\"Datenschutzerkl\u00e4rung - Learn German and Vietnamese\",\"isPartOf\":{\"@id\":\"https:\/\/www.german-vietnamese.com\/de\/#website\"},\"datePublished\":\"2025-03-27T11:08:58+00:00\",\"dateModified\":\"2025-04-02T18:52:59+00:00\",\"breadcrumb\":{\"@id\":\"https:\/\/www.german-vietnamese.com\/de\/datenschutzerklaerung\/#breadcrumb\"},\"inLanguage\":\"de\",\"potentialAction\":[{\"@type\":\"ReadAction\",\"target\":[\"https:\/\/www.german-vietnamese.com\/de\/datenschutzerklaerung\/\"]}]},{\"@type\":\"BreadcrumbList\",\"@id\":\"https:\/\/www.german-vietnamese.com\/de\/datenschutzerklaerung\/#breadcrumb\",\"itemListElement\":[{\"@type\":\"ListItem\",\"position\":1,\"name\":\"Home\",\"item\":\"https:\/\/www.german-vietnamese.com\/de\/\"},{\"@type\":\"ListItem\",\"position\":2,\"name\":\"Datenschutzerkl\u00e4rung\"}]},{\"@type\":\"WebSite\",\"@id\":\"https:\/\/www.german-vietnamese.com\/de\/#website\",\"url\":\"https:\/\/www.german-vietnamese.com\/de\/\",\"name\":\"Learn German and Vietnamese\",\"description\":\"\",\"publisher\":{\"@id\":\"https:\/\/www.german-vietnamese.com\/de\/#organization\"},\"potentialAction\":[{\"@type\":\"SearchAction\",\"target\":{\"@type\":\"EntryPoint\",\"urlTemplate\":\"https:\/\/www.german-vietnamese.com\/de\/?s={search_term_string}\"},\"query-input\":{\"@type\":\"PropertyValueSpecification\",\"valueRequired\":true,\"valueName\":\"search_term_string\"}}],\"inLanguage\":\"de\"},{\"@type\":\"Organization\",\"@id\":\"https:\/\/www.german-vietnamese.com\/de\/#organization\",\"name\":\"Learn German and Vietnamese\",\"url\":\"https:\/\/www.german-vietnamese.com\/de\/\",\"logo\":{\"@type\":\"ImageObject\",\"inLanguage\":\"de\",\"@id\":\"https:\/\/www.german-vietnamese.com\/de\/#\/schema\/logo\/image\/\",\"url\":\"https:\/\/www.german-vietnamese.com\/wp-content\/uploads\/2025\/03\/Logo-End1.svg\",\"contentUrl\":\"https:\/\/www.german-vietnamese.com\/wp-content\/uploads\/2025\/03\/Logo-End1.svg\",\"width\":167,\"height\":145,\"caption\":\"Learn German and Vietnamese\"},\"image\":{\"@id\":\"https:\/\/www.german-vietnamese.com\/de\/#\/schema\/logo\/image\/\"}}]}<\/script>\n<!-- \/ Yoast SEO plugin. -->","yoast_head_json":{"title":"Datenschutzerkl\u00e4rung - Learn German and Vietnamese","robots":{"index":"index","follow":"follow","max-snippet":"max-snippet:-1","max-image-preview":"max-image-preview:large","max-video-preview":"max-video-preview:-1"},"canonical":"https:\/\/www.german-vietnamese.com\/de\/datenschutzerklaerung\/","og_locale":"de_DE","og_type":"article","og_title":"Datenschutzerkl\u00e4rung - Learn German and Vietnamese","og_description":"Datenschutzerkl\u00e4rung Datenschutzerkl\u00e4rung f\u00fcr die Webseite\u00a0www.German-Workout.com Wir freuen uns \u00fcber Ihr Interesse an unserer Webseite German-Workout.com (im Folgenden als \u201eWebseite\u201c bezeichnet). Der Schutz Ihrer pers\u00f6nlichen Daten ist uns ein wichtiges Anliegen. Nachfolgend informieren wir Sie \u00fcber die Verarbeitung Ihrer personenbezogenen Daten und Ihre Rechte gem\u00e4\u00df der Datenschutz-Grundverordnung (DSGVO). Verantwortlicher Verantwortlicher f\u00fcr die Verarbeitung Ihrer personenbezogenen Daten [&hellip;]","og_url":"https:\/\/www.german-vietnamese.com\/de\/datenschutzerklaerung\/","og_site_name":"Learn German and Vietnamese","article_modified_time":"2025-04-02T18:52:59+00:00","twitter_card":"summary_large_image","twitter_misc":{"Gesch\u00e4tzte Lesezeit":"4\u00a0Minuten"},"schema":{"@context":"https:\/\/schema.org","@graph":[{"@type":"WebPage","@id":"https:\/\/www.german-vietnamese.com\/de\/datenschutzerklaerung\/","url":"https:\/\/www.german-vietnamese.com\/de\/datenschutzerklaerung\/","name":"Datenschutzerkl\u00e4rung - Learn German and Vietnamese","isPartOf":{"@id":"https:\/\/www.german-vietnamese.com\/de\/#website"},"datePublished":"2025-03-27T11:08:58+00:00","dateModified":"2025-04-02T18:52:59+00:00","breadcrumb":{"@id":"https:\/\/www.german-vietnamese.com\/de\/datenschutzerklaerung\/#breadcrumb"},"inLanguage":"de","potentialAction":[{"@type":"ReadAction","target":["https:\/\/www.german-vietnamese.com\/de\/datenschutzerklaerung\/"]}]},{"@type":"BreadcrumbList","@id":"https:\/\/www.german-vietnamese.com\/de\/datenschutzerklaerung\/#breadcrumb","itemListElement":[{"@type":"ListItem","position":1,"name":"Home","item":"https:\/\/www.german-vietnamese.com\/de\/"},{"@type":"ListItem","position":2,"name":"Datenschutzerkl\u00e4rung"}]},{"@type":"WebSite","@id":"https:\/\/www.german-vietnamese.com\/de\/#website","url":"https:\/\/www.german-vietnamese.com\/de\/","name":"Learn German and Vietnamese","description":"","publisher":{"@id":"https:\/\/www.german-vietnamese.com\/de\/#organization"},"potentialAction":[{"@type":"SearchAction","target":{"@type":"EntryPoint","urlTemplate":"https:\/\/www.german-vietnamese.com\/de\/?s={search_term_string}"},"query-input":{"@type":"PropertyValueSpecification","valueRequired":true,"valueName":"search_term_string"}}],"inLanguage":"de"},{"@type":"Organization","@id":"https:\/\/www.german-vietnamese.com\/de\/#organization","name":"Learn German and Vietnamese","url":"https:\/\/www.german-vietnamese.com\/de\/","logo":{"@type":"ImageObject","inLanguage":"de","@id":"https:\/\/www.german-vietnamese.com\/de\/#\/schema\/logo\/image\/","url":"https:\/\/www.german-vietnamese.com\/wp-content\/uploads\/2025\/03\/Logo-End1.svg","contentUrl":"https:\/\/www.german-vietnamese.com\/wp-content\/uploads\/2025\/03\/Logo-End1.svg","width":167,"height":145,"caption":"Learn German and Vietnamese"},"image":{"@id":"https:\/\/www.german-vietnamese.com\/de\/#\/schema\/logo\/image\/"}}]}},"_links":{"self":[{"href":"https:\/\/www.german-vietnamese.com\/de\/wp-json\/wp\/v2\/pages\/1101","targetHints":{"allow":["GET"]}}],"collection":[{"href":"https:\/\/www.german-vietnamese.com\/de\/wp-json\/wp\/v2\/pages"}],"about":[{"href":"https:\/\/www.german-vietnamese.com\/de\/wp-json\/wp\/v2\/types\/page"}],"author":[{"embeddable":true,"href":"https:\/\/www.german-vietnamese.com\/de\/wp-json\/wp\/v2\/users\/1"}],"replies":[{"embeddable":true,"href":"https:\/\/www.german-vietnamese.com\/de\/wp-json\/wp\/v2\/comments?post=1101"}],"version-history":[{"count":8,"href":"https:\/\/www.german-vietnamese.com\/de\/wp-json\/wp\/v2\/pages\/1101\/revisions"}],"predecessor-version":[{"id":1112,"href":"https:\/\/www.german-vietnamese.com\/de\/wp-json\/wp\/v2\/pages\/1101\/revisions\/1112"}],"wp:attachment":[{"href":"https:\/\/www.german-vietnamese.com\/de\/wp-json\/wp\/v2\/media?parent=1101"}],"curies":[{"name":"wp","href":"https:\/\/api.w.org\/{rel}","templated":true}]}}