{"id":1099,"date":"2025-03-09T18:57:07","date_gmt":"2025-03-09T18:57:07","guid":{"rendered":"https:\/\/www.german-vietnamese.com\/bedingungen-fuer-die-nutzung\/"},"modified":"2025-04-02T19:00:31","modified_gmt":"2025-04-02T19:00:31","slug":"bedingungen-fuer-die-nutzung","status":"publish","type":"page","link":"https:\/\/www.german-vietnamese.com\/de\/bedingungen-fuer-die-nutzung\/","title":{"rendered":"Bedingungen f\u00fcr die Nutzung"},"content":{"rendered":"\t\t<div data-elementor-type=\"wp-page\" data-elementor-id=\"1099\" class=\"elementor elementor-1099 elementor-206\" data-elementor-post-type=\"page\">\n\t\t\t\t<div class=\"elementor-element elementor-element-6979487c e-flex e-con-boxed e-con e-parent\" data-id=\"6979487c\" data-element_type=\"container\" data-e-type=\"container\">\n\t\t\t\t\t<div class=\"e-con-inner\">\n\t\t<div class=\"elementor-element elementor-element-49d4001e e-con-full e-flex e-con e-child\" data-id=\"49d4001e\" data-element_type=\"container\" data-e-type=\"container\">\n\t\t\t\t<div class=\"elementor-element elementor-element-7e34482c elementor-widget elementor-widget-heading\" data-id=\"7e34482c\" data-element_type=\"widget\" data-e-type=\"widget\" data-widget_type=\"heading.default\">\n\t\t\t\t<div class=\"elementor-widget-container\">\n\t\t\t\t\t<h2 class=\"elementor-heading-title elementor-size-default\">Nutzungsbedingungen<\/h2>\t\t\t\t<\/div>\n\t\t\t\t<\/div>\n\t\t\t\t<div class=\"elementor-element elementor-element-13c99be elementor-widget elementor-widget-spacer\" data-id=\"13c99be\" data-element_type=\"widget\" data-e-type=\"widget\" data-widget_type=\"spacer.default\">\n\t\t\t\t<div class=\"elementor-widget-container\">\n\t\t\t\t\t\t\t<div class=\"elementor-spacer\">\n\t\t\t<div class=\"elementor-spacer-inner\"><\/div>\n\t\t<\/div>\n\t\t\t\t\t\t<\/div>\n\t\t\t\t<\/div>\n\t\t\t\t<div class=\"elementor-element elementor-element-4b334abe elementor-widget elementor-widget-text-editor\" data-id=\"4b334abe\" data-element_type=\"widget\" data-e-type=\"widget\" data-widget_type=\"text-editor.default\">\n\t\t\t\t<div class=\"elementor-widget-container\">\n\t\t\t\t\t\t\t\t\t<p><strong>1. Einleitung<\/strong> Willkommen bei Deutsch-Vietnamesisch. Indem Sie auf unsere Website zugreifen und sie nutzen, erkl\u00e4ren Sie sich mit den folgenden Bestimmungen und Bedingungen einverstanden. Wenn Sie mit irgendeinem Teil dieser Bedingungen nicht einverstanden sind, sehen Sie bitte von der Nutzung unserer Dienste ab.<\/p><p><strong>2. Serviceleistungen<\/strong> Deutsch-Vietnamesisch bietet Selbstlernkurse, \u00dcbungen und Lehrmaterial zum Erlernen von Deutsch und Vietnamesisch. Unsere Dienstleistungen umfassen kostenlose und kostenpflichtige Produkte, die auf unseren Unterwebseiten beschrieben werden.<\/p><p><strong>3. Geistiges Eigentum<\/strong> Alle Kursmaterialien, Website-Inhalte und das Branding sind geistiges Eigentum von German-Vietnamese Specialized Ltd. Unerlaubte Nutzung, Vervielf\u00e4ltigung oder Verbreitung ist strengstens untersagt.<\/p><p><strong>4. Datenschutzrichtlinie<\/strong><\/p><p>Bitte lesen Sie unsere Datenschutzbestimmungen <a href=\"https:\/\/www.german-vietnamese.com\/de\/datenschutzerklaerung\/\">hier.<\/a><\/p><p><strong>5. Haftungsbeschr\u00e4nkung<\/strong> German-Vietnamese Specialized Ltd. ist nicht verantwortlich f\u00fcr indirekte, zuf\u00e4llige oder Folgesch\u00e4den, die sich aus der Nutzung unserer Dienste ergeben.<\/p><p><strong>6. \u00c4nderungen der Bedingungen<\/strong> Wir behalten uns das Recht vor, diese Bedingungen jederzeit zu \u00e4ndern. Die Benutzer werden \u00fcber wesentliche \u00c4nderungen benachrichtigt.<\/p><p><strong>7. Kontaktinformationen<\/strong> Bei Fragen zu diesen Bedingungen kontaktieren Sie uns bitte per E-Mail an <a>info@german-vietnamese.com<\/a> oder \u00fcber unser Kontaktformular auf der Website.<\/p><p>Durch die Nutzung unserer Dienste erkennen Sie diese Allgemeinen Gesch\u00e4ftsbedingungen an und stimmen ihnen zu.<\/p>\t\t\t\t\t\t\t\t<\/div>\n\t\t\t\t<\/div>\n\t\t\t\t<\/div>\n\t\t\t\t\t<\/div>\n\t\t\t\t<\/div>\n\t\t\t\t<\/div>\n\t\t","protected":false},"excerpt":{"rendered":"<p>Nutzungsbedingungen 1. Einleitung Willkommen bei Deutsch-Vietnamesisch. Indem Sie auf unsere Website zugreifen und sie nutzen, erkl\u00e4ren Sie sich mit den folgenden Bestimmungen und Bedingungen einverstanden. Wenn Sie mit irgendeinem Teil dieser Bedingungen nicht einverstanden sind, sehen Sie bitte von der Nutzung unserer Dienste ab. 2. Serviceleistungen Deutsch-Vietnamesisch bietet Selbstlernkurse, \u00dcbungen und Lehrmaterial zum Erlernen von [&hellip;]<\/p>\n","protected":false},"author":1,"featured_media":0,"parent":0,"menu_order":0,"comment_status":"closed","ping_status":"closed","template":"elementor_header_footer","meta":{"footnotes":""},"class_list":["post-1099","page","type-page","status-publish","hentry"],"yoast_head":"<!-- This site is optimized with the Yoast SEO plugin v27.2 - https:\/\/yoast.com\/product\/yoast-seo-wordpress\/ -->\n<title>Bedingungen f\u00fcr die Nutzung - Learn German and Vietnamese<\/title>\n<meta name=\"robots\" content=\"index, follow, max-snippet:-1, max-image-preview:large, max-video-preview:-1\" \/>\n<link rel=\"canonical\" href=\"https:\/\/www.german-vietnamese.com\/de\/bedingungen-fuer-die-nutzung\/\" \/>\n<meta property=\"og:locale\" content=\"de_DE\" \/>\n<meta property=\"og:type\" content=\"article\" \/>\n<meta property=\"og:title\" content=\"Bedingungen f\u00fcr die Nutzung - Learn German and Vietnamese\" \/>\n<meta property=\"og:description\" content=\"Nutzungsbedingungen 1. Einleitung Willkommen bei Deutsch-Vietnamesisch. Indem Sie auf unsere Website zugreifen und sie nutzen, erkl\u00e4ren Sie sich mit den folgenden Bestimmungen und Bedingungen einverstanden. Wenn Sie mit irgendeinem Teil dieser Bedingungen nicht einverstanden sind, sehen Sie bitte von der Nutzung unserer Dienste ab. 2. Serviceleistungen Deutsch-Vietnamesisch bietet Selbstlernkurse, \u00dcbungen und Lehrmaterial zum Erlernen von [&hellip;]\" \/>\n<meta property=\"og:url\" content=\"https:\/\/www.german-vietnamese.com\/de\/bedingungen-fuer-die-nutzung\/\" \/>\n<meta property=\"og:site_name\" content=\"Learn German and Vietnamese\" \/>\n<meta property=\"article:modified_time\" content=\"2025-04-02T19:00:31+00:00\" \/>\n<meta name=\"twitter:card\" content=\"summary_large_image\" \/>\n<meta name=\"twitter:label1\" content=\"Gesch\u00e4tzte Lesezeit\" \/>\n\t<meta name=\"twitter:data1\" content=\"1\u00a0Minute\" \/>\n<script type=\"application\/ld+json\" class=\"yoast-schema-graph\">{\"@context\":\"https:\/\/schema.org\",\"@graph\":[{\"@type\":\"WebPage\",\"@id\":\"https:\/\/www.german-vietnamese.com\/de\/bedingungen-fuer-die-nutzung\/\",\"url\":\"https:\/\/www.german-vietnamese.com\/de\/bedingungen-fuer-die-nutzung\/\",\"name\":\"Bedingungen f\u00fcr die Nutzung - Learn German and Vietnamese\",\"isPartOf\":{\"@id\":\"https:\/\/www.german-vietnamese.com\/de\/#website\"},\"datePublished\":\"2025-03-09T18:57:07+00:00\",\"dateModified\":\"2025-04-02T19:00:31+00:00\",\"breadcrumb\":{\"@id\":\"https:\/\/www.german-vietnamese.com\/de\/bedingungen-fuer-die-nutzung\/#breadcrumb\"},\"inLanguage\":\"de\",\"potentialAction\":[{\"@type\":\"ReadAction\",\"target\":[\"https:\/\/www.german-vietnamese.com\/de\/bedingungen-fuer-die-nutzung\/\"]}]},{\"@type\":\"BreadcrumbList\",\"@id\":\"https:\/\/www.german-vietnamese.com\/de\/bedingungen-fuer-die-nutzung\/#breadcrumb\",\"itemListElement\":[{\"@type\":\"ListItem\",\"position\":1,\"name\":\"Home\",\"item\":\"https:\/\/www.german-vietnamese.com\/de\/\"},{\"@type\":\"ListItem\",\"position\":2,\"name\":\"Bedingungen f\u00fcr die Nutzung\"}]},{\"@type\":\"WebSite\",\"@id\":\"https:\/\/www.german-vietnamese.com\/de\/#website\",\"url\":\"https:\/\/www.german-vietnamese.com\/de\/\",\"name\":\"Learn German and Vietnamese\",\"description\":\"\",\"publisher\":{\"@id\":\"https:\/\/www.german-vietnamese.com\/de\/#organization\"},\"potentialAction\":[{\"@type\":\"SearchAction\",\"target\":{\"@type\":\"EntryPoint\",\"urlTemplate\":\"https:\/\/www.german-vietnamese.com\/de\/?s={search_term_string}\"},\"query-input\":{\"@type\":\"PropertyValueSpecification\",\"valueRequired\":true,\"valueName\":\"search_term_string\"}}],\"inLanguage\":\"de\"},{\"@type\":\"Organization\",\"@id\":\"https:\/\/www.german-vietnamese.com\/de\/#organization\",\"name\":\"Learn German and Vietnamese\",\"url\":\"https:\/\/www.german-vietnamese.com\/de\/\",\"logo\":{\"@type\":\"ImageObject\",\"inLanguage\":\"de\",\"@id\":\"https:\/\/www.german-vietnamese.com\/de\/#\/schema\/logo\/image\/\",\"url\":\"https:\/\/www.german-vietnamese.com\/wp-content\/uploads\/2025\/03\/Logo-End1.svg\",\"contentUrl\":\"https:\/\/www.german-vietnamese.com\/wp-content\/uploads\/2025\/03\/Logo-End1.svg\",\"width\":167,\"height\":145,\"caption\":\"Learn German and Vietnamese\"},\"image\":{\"@id\":\"https:\/\/www.german-vietnamese.com\/de\/#\/schema\/logo\/image\/\"}}]}<\/script>\n<!-- \/ Yoast SEO plugin. -->","yoast_head_json":{"title":"Bedingungen f\u00fcr die Nutzung - Learn German and Vietnamese","robots":{"index":"index","follow":"follow","max-snippet":"max-snippet:-1","max-image-preview":"max-image-preview:large","max-video-preview":"max-video-preview:-1"},"canonical":"https:\/\/www.german-vietnamese.com\/de\/bedingungen-fuer-die-nutzung\/","og_locale":"de_DE","og_type":"article","og_title":"Bedingungen f\u00fcr die Nutzung - Learn German and Vietnamese","og_description":"Nutzungsbedingungen 1. Einleitung Willkommen bei Deutsch-Vietnamesisch. Indem Sie auf unsere Website zugreifen und sie nutzen, erkl\u00e4ren Sie sich mit den folgenden Bestimmungen und Bedingungen einverstanden. Wenn Sie mit irgendeinem Teil dieser Bedingungen nicht einverstanden sind, sehen Sie bitte von der Nutzung unserer Dienste ab. 2. Serviceleistungen Deutsch-Vietnamesisch bietet Selbstlernkurse, \u00dcbungen und Lehrmaterial zum Erlernen von [&hellip;]","og_url":"https:\/\/www.german-vietnamese.com\/de\/bedingungen-fuer-die-nutzung\/","og_site_name":"Learn German and Vietnamese","article_modified_time":"2025-04-02T19:00:31+00:00","twitter_card":"summary_large_image","twitter_misc":{"Gesch\u00e4tzte Lesezeit":"1\u00a0Minute"},"schema":{"@context":"https:\/\/schema.org","@graph":[{"@type":"WebPage","@id":"https:\/\/www.german-vietnamese.com\/de\/bedingungen-fuer-die-nutzung\/","url":"https:\/\/www.german-vietnamese.com\/de\/bedingungen-fuer-die-nutzung\/","name":"Bedingungen f\u00fcr die Nutzung - Learn German and Vietnamese","isPartOf":{"@id":"https:\/\/www.german-vietnamese.com\/de\/#website"},"datePublished":"2025-03-09T18:57:07+00:00","dateModified":"2025-04-02T19:00:31+00:00","breadcrumb":{"@id":"https:\/\/www.german-vietnamese.com\/de\/bedingungen-fuer-die-nutzung\/#breadcrumb"},"inLanguage":"de","potentialAction":[{"@type":"ReadAction","target":["https:\/\/www.german-vietnamese.com\/de\/bedingungen-fuer-die-nutzung\/"]}]},{"@type":"BreadcrumbList","@id":"https:\/\/www.german-vietnamese.com\/de\/bedingungen-fuer-die-nutzung\/#breadcrumb","itemListElement":[{"@type":"ListItem","position":1,"name":"Home","item":"https:\/\/www.german-vietnamese.com\/de\/"},{"@type":"ListItem","position":2,"name":"Bedingungen f\u00fcr die Nutzung"}]},{"@type":"WebSite","@id":"https:\/\/www.german-vietnamese.com\/de\/#website","url":"https:\/\/www.german-vietnamese.com\/de\/","name":"Learn German and Vietnamese","description":"","publisher":{"@id":"https:\/\/www.german-vietnamese.com\/de\/#organization"},"potentialAction":[{"@type":"SearchAction","target":{"@type":"EntryPoint","urlTemplate":"https:\/\/www.german-vietnamese.com\/de\/?s={search_term_string}"},"query-input":{"@type":"PropertyValueSpecification","valueRequired":true,"valueName":"search_term_string"}}],"inLanguage":"de"},{"@type":"Organization","@id":"https:\/\/www.german-vietnamese.com\/de\/#organization","name":"Learn German and Vietnamese","url":"https:\/\/www.german-vietnamese.com\/de\/","logo":{"@type":"ImageObject","inLanguage":"de","@id":"https:\/\/www.german-vietnamese.com\/de\/#\/schema\/logo\/image\/","url":"https:\/\/www.german-vietnamese.com\/wp-content\/uploads\/2025\/03\/Logo-End1.svg","contentUrl":"https:\/\/www.german-vietnamese.com\/wp-content\/uploads\/2025\/03\/Logo-End1.svg","width":167,"height":145,"caption":"Learn German and Vietnamese"},"image":{"@id":"https:\/\/www.german-vietnamese.com\/de\/#\/schema\/logo\/image\/"}}]}},"_links":{"self":[{"href":"https:\/\/www.german-vietnamese.com\/de\/wp-json\/wp\/v2\/pages\/1099","targetHints":{"allow":["GET"]}}],"collection":[{"href":"https:\/\/www.german-vietnamese.com\/de\/wp-json\/wp\/v2\/pages"}],"about":[{"href":"https:\/\/www.german-vietnamese.com\/de\/wp-json\/wp\/v2\/types\/page"}],"author":[{"embeddable":true,"href":"https:\/\/www.german-vietnamese.com\/de\/wp-json\/wp\/v2\/users\/1"}],"replies":[{"embeddable":true,"href":"https:\/\/www.german-vietnamese.com\/de\/wp-json\/wp\/v2\/comments?post=1099"}],"version-history":[{"count":6,"href":"https:\/\/www.german-vietnamese.com\/de\/wp-json\/wp\/v2\/pages\/1099\/revisions"}],"predecessor-version":[{"id":1123,"href":"https:\/\/www.german-vietnamese.com\/de\/wp-json\/wp\/v2\/pages\/1099\/revisions\/1123"}],"wp:attachment":[{"href":"https:\/\/www.german-vietnamese.com\/de\/wp-json\/wp\/v2\/media?parent=1099"}],"curies":[{"name":"wp","href":"https:\/\/api.w.org\/{rel}","templated":true}]}}